{"id":11383,"date":"2026-02-04T14:02:49","date_gmt":"2026-02-04T07:02:49","guid":{"rendered":"https:\/\/dtc.hub.edu.vn\/?page_id=11383"},"modified":"2026-04-21T16:01:08","modified_gmt":"2026-04-21T09:01:08","slug":"chuong-trinh-ke-toan","status":"publish","type":"page","link":"https:\/\/dtc.hub.edu.vn\/en\/chuong-trinh-ke-toan\/","title":{"rendered":"Accounting Program"},"content":{"rendered":"<div data-elementor-type=\"wp-page\" data-elementor-id=\"11383\" class=\"elementor elementor-11383\" data-elementor-post-type=\"page\">\n\t\t\t\t<div class=\"elementor-element elementor-element-2f510df e-flex e-con-boxed e-con e-parent\" data-id=\"2f510df\" data-element_type=\"container\">\n\t\t\t\t\t<div class=\"e-con-inner\">\n\t\t\r\n\t\t<div class=\"elementor-element elementor-element-27e3fa4 elementor-widget elementor-widget-text-editor\" data-id=\"27e3fa4\" data-element_type=\"widget\" data-widget_type=\"text-editor.default\">\n\t\t\t\t<div class=\"elementor-widget-container\">\n\t\t\t\t\t\t\t\t\t<h1 data-section-id=\"okwj8k\" data-start=\"167\" data-end=\"180\"><span style=\"font-size: 24px;\">OVERVIEW<\/span><\/h1><p data-start=\"182\" data-end=\"446\">The Bachelor of Accounting program is designed to train high-quality human resources in the fields of accounting, auditing, and corporate finance. This is a key field of study in every organization, helping to manage, control, and ensure transparency of financial information.<\/p><p data-start=\"448\" data-end=\"657\">The program equips students with in-depth knowledge of accounting, auditing, taxation, and finance, while also developing their analytical, data processing, and decision-making skills in a modern business environment.<\/p><hr data-start=\"659\" data-end=\"662\" \/><h1 data-section-id=\"1wk6m7w\" data-start=\"664\" data-end=\"699\"><span style=\"font-size: 24px;\">OVERALL OBJECTIVES OF THE PROGRAM<\/span><\/h1><p data-start=\"701\" data-end=\"745\">The program aims to train bachelor&#039;s degree holders with:<\/p><ul data-start=\"747\" data-end=\"1022\"><li data-section-id=\"hqtr1b\" data-start=\"747\" data-end=\"806\">Fundamental and in-depth knowledge of accounting and auditing.<\/li><li data-section-id=\"rsafjl\" data-start=\"807\" data-end=\"854\">Ability to prepare and analyze financial reports<\/li><li data-section-id=\"1wb84jn\" data-start=\"855\" data-end=\"909\">Financial control and legal compliance capabilities<\/li><li data-section-id=\"16k4k30\" data-start=\"910\" data-end=\"975\">Skills in using accounting software and data analysis tools<\/li><li data-section-id=\"hlbv1e\" data-start=\"976\" data-end=\"1022\">High professional ethics and integrity<\/li><\/ul><p data-start=\"1024\" data-end=\"1131\">After graduation, students can work effectively in corporate environments and financial organizations.<\/p><p class=\"MsoNormal\" style=\"line-height: 150%;\"><span style=\"color: #a71b00; font-size: 24px;\"><b><span style=\"line-height: 150%; font-family: Montserrat;\">CAREER OPPORTUNITIES<\/span><\/b><\/span><\/p><p class=\"MsoNormal\" style=\"line-height: 150%;\"><span style=\"font-size: 13.0pt; line-height: 150%; font-family: Montserrat; mso-bidi-font-family: 'Times New Roman';\">Branch <b>Accountant<\/b> It has always been one of the fields with stable and wide-ranging job opportunities. After graduation, students can work in businesses in all sectors, government agencies, financial institutions, or accounting and auditing service units.<\/span><\/p><p class=\"MsoNormal\" style=\"line-height: 150%;\"><span style=\"font-size: 13.0pt; line-height: 150%; font-family: Montserrat; mso-bidi-font-family: 'Times New Roman';\">Some typical positions include:<\/span><\/p><ul style=\"margin-top: 0in;\" type=\"disc\"><li class=\"MsoNormal\" style=\"line-height: 150%; mso-list: l0 level1 lfo1; tab-stops: list .5in;\"><b><span style=\"font-size: 13.0pt; line-height: 150%; font-family: Montserrat; mso-bidi-font-family: 'Times New Roman';\">Accountant<\/span><\/b><span style=\"font-size: 13.0pt; line-height: 150%; font-family: Montserrat; mso-bidi-font-family: 'Times New Roman';\"> in manufacturing, trading, and service businesses<\/span><\/li><li class=\"MsoNormal\" style=\"line-height: 150%; mso-list: l0 level1 lfo1; tab-stops: list .5in;\"><b><span style=\"font-size: 13.0pt; line-height: 150%; font-family: Montserrat; mso-bidi-font-family: 'Times New Roman';\">Tax accounting<\/span><\/b><span style=\"font-size: 13.0pt; line-height: 150%; font-family: Montserrat; mso-bidi-font-family: 'Times New Roman';\"> at a business or tax consulting firm<\/span><\/li><li class=\"MsoNormal\" style=\"line-height: 150%; mso-list: l0 level1 lfo1; tab-stops: list .5in;\"><b><span style=\"font-size: 13.0pt; line-height: 150%; font-family: Montserrat; mso-bidi-font-family: 'Times New Roman';\">General Accountant<\/span><\/b><span style=\"font-size: 13.0pt; line-height: 150%; font-family: Montserrat; mso-bidi-font-family: 'Times New Roman';\">, prepare and analyze financial statements<\/span><\/li><li class=\"MsoNormal\" style=\"line-height: 150%; mso-list: l0 level1 lfo1; tab-stops: list .5in;\"><b><span style=\"font-size: 13.0pt; line-height: 150%; font-family: Montserrat; mso-bidi-font-family: 'Times New Roman';\">Internal audit<\/span><\/b><span style=\"font-size: 13.0pt; line-height: 150%; font-family: Montserrat; mso-bidi-font-family: 'Times New Roman';\">Internal control within a business<\/span><\/li><li class=\"MsoNormal\" style=\"line-height: 150%; mso-list: l0 level1 lfo1; tab-stops: list .5in;\"><b><span style=\"font-size: 13.0pt; line-height: 150%; font-family: Montserrat; mso-bidi-font-family: 'Times New Roman';\">Finance and Accounting Specialist<\/span><\/b><span style=\"font-size: 13.0pt; line-height: 150%; font-family: Montserrat; mso-bidi-font-family: 'Times New Roman';\"> in credit institutions or finance companies<\/span><\/li><li class=\"MsoNormal\" style=\"line-height: 150%; mso-list: l0 level1 lfo1; tab-stops: list .5in;\"><b><span style=\"font-size: 13.0pt; line-height: 150%; font-family: Montserrat; mso-bidi-font-family: 'Times New Roman';\">Financial and tax consulting<\/span><\/b><span style=\"font-size: 13.0pt; line-height: 150%; font-family: Montserrat; mso-bidi-font-family: 'Times New Roman';\"> or work at accounting service companies.<\/span><\/li><\/ul><p class=\"MsoNormal\" style=\"line-height: 150%;\"><span style=\"font-size: 13.0pt; line-height: 150%; font-family: Montserrat; mso-bidi-font-family: 'Times New Roman';\">Learners gain a solid foundation for long-term development, becoming <b>Chief Accountant<\/b>, <b>Head of Finance Department<\/b>or continue studying for a Master&#039;s degree and pursue professional certifications such as <b>CPA, ACCA<\/b>.<\/span><\/p><p style=\"font-family: Montserrat, sans-serif; margin-bottom: 0px; color: #4d5765;\"><span style=\"font-weight: bolder;\"><span style=\"font-size: 24px; color: #a71b00;\">PROGRAM CONTENT<\/span><\/span><\/p><p style=\"font-family: Montserrat, sans-serif; margin-bottom: 0px; color: #4d5765;\">The training program is designed with a combination of theory and practice, focusing on the following areas of knowledge:<\/p>\t\t\t\t\t\t\t\t<\/div>\n\t\t\t\t<\/div>\n\t\t\t\t\t<\/div>\n\t\t\t\t<\/div>\n\t\t<div class=\"elementor-element elementor-element-849dd6b e-flex e-con-boxed e-con e-parent\" data-id=\"849dd6b\" data-element_type=\"container\">\n\t\t\t\t\t<div class=\"e-con-inner\">\n\t\t\t\t<div class=\"elementor-element elementor-element-66848c5 elementor-widget elementor-widget-acadubutton\" data-id=\"66848c5\" data-element_type=\"widget\" data-widget_type=\"acadubutton.default\">\n\t\t\t\t<div class=\"elementor-widget-container\">\n\t\t\t\t\t<!-- Button --><div class=\"btn-wrapper\"><a class=\"th-btn\" href=\"https:\/\/hub.edu.vn\/dam-bao-chat-luong\/ba-cong-khai\/ho-so-dang-ky-mo-dao-tao-tu-xa-nganh-ke-toan-227205.html\" target=\"_blank\">Program Profile<\/a><\/div><!-- End Button -->\t\t\t\t<\/div>\n\t\t\t\t<\/div>\n\t\t\t\t<div class=\"elementor-element elementor-element-d7bb5e8 elementor-widget elementor-widget-text-editor\" data-id=\"d7bb5e8\" data-element_type=\"widget\" data-widget_type=\"text-editor.default\">\n\t\t\t\t<div class=\"elementor-widget-container\">\n\t\t\t\t\t\t\t\t\t<h2 data-section-id=\"1e3pg29\" data-start=\"1651\" data-end=\"1674\">1. Basic knowledge<\/h2><ul data-start=\"1676\" data-end=\"1786\"><li data-section-id=\"1n4p2ec\" data-start=\"1676\" data-end=\"1708\">Microeconomics, macroeconomics<\/li><li data-section-id=\"t1iczc\" data-start=\"1709\" data-end=\"1730\">Accounting principles<\/li><li data-section-id=\"1lyv9n7\" data-start=\"1731\" data-end=\"1747\">Economic mathematics<\/li><li data-section-id=\"q0kafb\" data-start=\"1748\" data-end=\"1764\">Economic law<\/li><li data-section-id=\"1oenph\" data-start=\"1765\" data-end=\"1786\">Application statistics<\/li><\/ul><p data-start=\"1788\" data-end=\"1873\">This provides a foundation for students to understand the business environment and the financial system.<\/p><hr data-start=\"1875\" data-end=\"1878\" \/><h2 data-section-id=\"p260sw\" data-start=\"1880\" data-end=\"1910\">2. Specialized knowledge<\/h2><ul data-start=\"1912\" data-end=\"2082\"><li data-section-id=\"ncuhpx\" data-start=\"1912\" data-end=\"1933\">Financial accounting<\/li><li data-section-id=\"rsslrg\" data-start=\"1934\" data-end=\"1954\">Management accounting<\/li><li data-section-id=\"87jlm8\" data-start=\"1955\" data-end=\"1968\">Auditing<\/li><li data-section-id=\"1scxn9x\" data-start=\"1969\" data-end=\"1994\">Taxes and the tax system<\/li><li data-section-id=\"mk9jf6\" data-start=\"1995\" data-end=\"2026\">Financial statement analysis<\/li><li data-section-id=\"rjtx8b\" data-start=\"2027\" data-end=\"2051\">Business accounting<\/li><li data-section-id=\"1aoa6wh\" data-start=\"2052\" data-end=\"2082\">Accounting information system<\/li><\/ul><p data-start=\"2084\" data-end=\"2177\">Students receive thorough training on the procedures for recording, processing, and reporting financial information.<\/p><hr data-start=\"2179\" data-end=\"2182\" \/><h2 data-section-id=\"wzbw0f\" data-start=\"2184\" data-end=\"2208\">3. Additional knowledge<\/h2><ul data-start=\"2210\" data-end=\"2409\"><li data-section-id=\"108x3y7\" data-start=\"2210\" data-end=\"2270\">Computer skills in accounting (Excel, accounting software such as MISA, SAP, etc.)<\/li><li data-section-id=\"qfhyhw\" data-start=\"2271\" data-end=\"2300\">Data analysis skills<\/li><li data-section-id=\"1pv6wp8\" data-start=\"2301\" data-end=\"2327\">Specialized foreign languages<\/li><li data-section-id=\"f236yg\" data-start=\"2328\" data-end=\"2366\">Communication and teamwork skills<\/li><li data-section-id=\"1bi4mz7\" data-start=\"2367\" data-end=\"2409\">Accounting professional skills and ethics<\/li><\/ul><p><span style=\"color: #a71b00;\"><b><span style=\"font-size: 13.0pt; line-height: 150%; font-family: Montserrat; mso-bidi-font-family: 'Times New Roman';\"><span style=\"font-size: 24px;\">HIGHLIGHTS<\/span> <\/span><\/b><\/span><\/p><p class=\"MsoNormal\" style=\"line-height: 150%;\"><span style=\"font-size: 13.0pt; line-height: 150%; font-family: Montserrat; mso-bidi-font-family: 'Times New Roman';\">The distance learning accounting program at the University of Banking Ho Chi Minh City has many outstanding advantages, ensuring practicality and suitability to the requirements of modern businesses.<\/span><\/p><ul style=\"margin-top: 0in;\" type=\"disc\"><li class=\"MsoNormal\" style=\"line-height: 150%; mso-list: l0 level1 lfo1; tab-stops: list .5in;\"><span style=\"font-size: 13.0pt; line-height: 150%; font-family: Montserrat; mso-bidi-font-family: 'Times New Roman';\">Training content <b>according to the National Qualifications Framework<\/b>, compared with accounting programs both domestically and internationally.<\/span><\/li><li class=\"MsoNormal\" style=\"line-height: 150%; mso-list: l0 level1 lfo1; tab-stops: list .5in;\"><span style=\"font-size: 13.0pt; line-height: 150%; font-family: Montserrat; mso-bidi-font-family: 'Times New Roman';\">The course combines foundational knowledge with advanced modules such as: business accounting, financial accounting, management accounting, auditing, taxation, and financial analysis.<\/span><\/li><li class=\"MsoNormal\" style=\"line-height: 150%; mso-list: l0 level1 lfo1; tab-stops: list .5in;\"><span style=\"font-size: 13.0pt; line-height: 150%; font-family: Montserrat; mso-bidi-font-family: 'Times New Roman';\">Application of technology in training: digitized learning materials, online lectures, accounting simulation software.<\/span><\/li><li class=\"MsoNormal\" style=\"line-height: 150%; mso-list: l0 level1 lfo1; tab-stops: list .5in;\"><span style=\"font-size: 13.0pt; line-height: 150%; font-family: Montserrat; mso-bidi-font-family: 'Times New Roman';\">Learning format <b>Flexible 100% online<\/b>Suitable for working professionals who want to improve their skills and obtain a quality university degree.<\/span><\/li><li class=\"MsoNormal\" style=\"line-height: 150%; mso-list: l0 level1 lfo1; tab-stops: list .5in;\"><b><span style=\"font-size: 13.0pt; line-height: 150%; font-family: Montserrat; mso-bidi-font-family: 'Times New Roman';\">Diploma issued by the University of Banking Ho Chi Minh City.<\/span><\/b><span style=\"font-size: 13.0pt; line-height: 150%; font-family: Montserrat; mso-bidi-font-family: 'Times New Roman';\">, which has legal validity equivalent to the centralized form.<\/span><\/li><\/ul><p class=\"MsoNormal\" style=\"line-height: 150%;\"><span style=\"font-size: 13.0pt; line-height: 150%; font-family: Montserrat; mso-bidi-font-family: 'Times New Roman';\">In addition to professional knowledge, the program enhances skills such as using accounting software, data analysis, and numerical thinking \u2013 competencies that businesses urgently need in modern accounting personnel.<\/span><\/p><h1 data-section-id=\"1gp1114\" data-start=\"2761\" data-end=\"2783\">TEACHING STAFF<\/h1><p data-start=\"2785\" data-end=\"2810\">The teaching staff includes:<\/p><ul data-start=\"2812\" data-end=\"3019\"><li data-section-id=\"1ioyj7e\" data-start=\"2812\" data-end=\"2888\">The lecturers hold PhDs, Associate Professors, and Professors specializing in accounting and auditing.<\/li><li data-section-id=\"1dv4awv\" data-start=\"2889\" data-end=\"2962\">Experts with practical experience in businesses and auditing firms.<\/li><li data-section-id=\"bk4iya\" data-start=\"2963\" data-end=\"3019\">Teaching methods closely linked to professional practice.<\/li><\/ul><p class=\"MsoNormal\" style=\"line-height: 150%;\"><span style=\"color: #a71b00; font-size: 24px;\"><b><span style=\"line-height: 150%; font-family: Montserrat;\">REASONS TO CHOOSE THIS PROGRAM<\/span><\/b><\/span><\/p><p class=\"MsoNormal\" style=\"line-height: 150%;\"><span style=\"font-size: 13.0pt; line-height: 150%; font-family: Montserrat; mso-bidi-font-family: 'Times New Roman';\">Choose to study <b>Accounting Distance Learning Hub <\/b>It offers learners the perfect combination of flexibility and high-quality, standardized training.<\/span><\/p><ul style=\"margin-top: 0in;\" type=\"disc\"><li class=\"MsoNormal\" style=\"line-height: 150%; mso-list: l0 level1 lfo1; tab-stops: list .5in;\"><b><span style=\"font-size: 13.0pt; line-height: 150%; font-family: Montserrat; mso-bidi-font-family: 'Times New Roman';\">Learn anytime, anywhere.<\/span><\/b><span style=\"font-size: 13.0pt; line-height: 150%; font-family: Montserrat; mso-bidi-font-family: 'Times New Roman';\">, does not affect work, suitable for working people.<\/span><\/li><li class=\"MsoNormal\" style=\"line-height: 150%; mso-list: l0 level1 lfo1; tab-stops: list .5in;\"><span style=\"font-size: 13.0pt; line-height: 150%; font-family: Montserrat; mso-bidi-font-family: 'Times New Roman';\">Up-to-date knowledge, closely aligned with the recruitment needs of businesses in the digital economy.<\/span><\/li><li class=\"MsoNormal\" style=\"line-height: 150%; mso-list: l0 level1 lfo1; tab-stops: list .5in;\"><b><span style=\"font-size: 13.0pt; line-height: 150%; font-family: Montserrat; mso-bidi-font-family: 'Times New Roman';\">Cost savings<\/span><\/b><span style=\"font-size: 13.0pt; line-height: 150%; font-family: Montserrat; mso-bidi-font-family: 'Times New Roman';\">It&#039;s easily accessible, but the degree is highly valued.<\/span><\/li><li class=\"MsoNormal\" style=\"line-height: 150%; mso-list: l0 level1 lfo1; tab-stops: list .5in;\"><span style=\"font-size: 13.0pt; line-height: 150%; font-family: Montserrat; mso-bidi-font-family: 'Times New Roman';\">The program is highly practical, helping students confidently enter the workforce immediately after graduation.<\/span><\/li><li class=\"MsoNormal\" style=\"line-height: 150%; mso-list: l0 level1 lfo1; tab-stops: list .5in;\"><span style=\"font-size: 13.0pt; line-height: 150%; font-family: Montserrat; mso-bidi-font-family: 'Times New Roman';\">Trademark <b>Banking University of Ho Chi Minh City<\/b> This gives you a significant advantage when applying for jobs and getting promoted.<\/span><\/li><\/ul><p class=\"MsoNormal\" style=\"line-height: 150%;\"><span style=\"font-size: 13.0pt; line-height: 150%; font-family: Montserrat; mso-bidi-font-family: 'Times New Roman';\">This is a suitable option for those who wish to enhance their accounting expertise, develop a sustainable career, and obtain a prestigious university degree within a flexible timeframe.<\/span><\/p><h2>ELIGIBILITY REQUIREMENTS:<\/h2><ul><li aria-level=\"1\">People who have a university degree\u00a0<\/li><li aria-level=\"1\">Working people do not have the conditions to attend concentrated study.<\/li><li aria-level=\"1\">People who want to pursue a second degree in Business Administration.<\/li><\/ul><h2 class=\"text-xl font-bold text-text-200 mt-1 -mb-0.5\">CONTACT INFORMATION<\/h2><p><strong>DISTANCE LEARNING &amp; TECHNOLOGY TRANSFER CONSULTING CENTER, HUB<\/strong><\/p><table width=\"448\"><tbody><tr><td><p><strong>\u260e\ufe0fContact: \u00a0\u00a0\u00a0\u00a0\u00a0\u00a0\u00a0\u00a0\u00a0\u00a0\u00a0<\/strong><\/p><\/td><td><p>(028) 3896 2082 \u2013 3821 6096<\/p><\/td><td><p><strong>\ud83d\udcdeHotline:<\/strong><\/p><\/td><td><p>0866 005 800<\/p><\/td><\/tr><tr><td><p><strong>\ud83d\udce9 Email:<\/strong><\/p><\/td><td><p><a href=\"mailto:daotaotuxa@hub.edu.vn\">daotaotuxa@hub.edu.vn<\/a><\/p><\/td><td><p><strong>Website:<\/strong><\/p><\/td><td><p><a href=\"https:\/\/dtc.hub.edu.vn\/en\/\">dtc.hub.edu.vn<\/a>hub.edu.vn<\/p><\/td><\/tr><tr><td><p><strong>\ud83d\udc4d Fanpage:<\/strong><\/p><\/td><td><p>Distance Learning Hub<\/p><\/td><td><p><strong>\ud83d\udcacZalo<\/strong><\/p><\/td><td><p>Distance Learning Hub<\/p><\/td><\/tr><\/tbody><\/table><p><strong>DTC Thu Duc Facility:<\/strong><i><\/i><\/p><p>\ud83d\udccc 56 Hoang Dieu 2 Street, Thu Duc Ward, Ho Chi Minh City\u00a0<em>(Lobby, Administration Building)<\/em><\/p><p>Recipient: Ms. Cao Pham Thu Phuong \u2013 Phone: 0967 159 131<\/p><p><strong>DTC Saigon Facility: \u00a0\u00a0\u00a0<\/strong><\/p><p>\ud83d\udccd39 Ham Nghi Street, Saigon Ward, Ho Chi Minh City\u00a0<em>(Lobby)<\/em><\/p><p>Recipient: Ms. Nguyen Thi My Yen \u2013 Phone: 0966 368 963 \u00a0\u00a0\u00a0\u00a0\u00a0\u00a0\u00a0<\/p>\t\t\t\t\t\t\t\t<\/div>\n\t\t\t\t<\/div>\n\t\t\t\t\t<\/div>\n\t\t\t\t<\/div>\n\t\t<div class=\"elementor-element elementor-element-55246f5 e-flex e-con-boxed e-con e-parent\" data-id=\"55246f5\" data-element_type=\"container\">\n\t\t\t\t\t<div class=\"e-con-inner\">\n\t\t\t\t\t<\/div>\n\t\t\t\t<\/div>\n\t\t\t\t<\/div>","protected":false},"excerpt":{"rendered":"<p>T\u1ed4NG QUAN Ch\u01b0\u01a1ng tr\u00ecnh C\u1eed nh\u00e2n K\u1ebf to\u00e1n \u0111\u01b0\u1ee3c x\u00e2y d\u1ef1ng nh\u1eb1m \u0111\u00e0o t\u1ea1o ngu\u1ed3n nh\u00e2n l\u1ef1c ch\u1ea5t l\u01b0\u1ee3ng cao trong l\u0129nh v\u1ef1c k\u1ebf to\u00e1n, ki\u1ec3m to\u00e1n v\u00e0 t\u00e0i ch\u00ednh doanh nghi\u1ec7p. \u0110\u00e2y l\u00e0 ng\u00e0nh h\u1ecdc gi\u1eef vai tr\u00f2 then ch\u1ed1t trong m\u1ecdi t\u1ed5 ch\u1ee9c, gi\u00fap qu\u1ea3n l\u00fd, ki\u1ec3m so\u00e1t v\u00e0 minh b\u1ea1ch th\u00f4ng tin&#8230;<\/p>","protected":false},"author":6,"featured_media":8026,"parent":0,"menu_order":0,"comment_status":"closed","ping_status":"closed","template":"","meta":{"_acf_changed":false,"footnotes":""},"class_list":["post-11383","page","type-page","status-publish","has-post-thumbnail","hentry"],"acf":[],"_links":{"self":[{"href":"https:\/\/dtc.hub.edu.vn\/en\/wp-json\/wp\/v2\/pages\/11383","targetHints":{"allow":["GET"]}}],"collection":[{"href":"https:\/\/dtc.hub.edu.vn\/en\/wp-json\/wp\/v2\/pages"}],"about":[{"href":"https:\/\/dtc.hub.edu.vn\/en\/wp-json\/wp\/v2\/types\/page"}],"author":[{"embeddable":true,"href":"https:\/\/dtc.hub.edu.vn\/en\/wp-json\/wp\/v2\/users\/6"}],"replies":[{"embeddable":true,"href":"https:\/\/dtc.hub.edu.vn\/en\/wp-json\/wp\/v2\/comments?post=11383"}],"version-history":[{"count":9,"href":"https:\/\/dtc.hub.edu.vn\/en\/wp-json\/wp\/v2\/pages\/11383\/revisions"}],"predecessor-version":[{"id":11846,"href":"https:\/\/dtc.hub.edu.vn\/en\/wp-json\/wp\/v2\/pages\/11383\/revisions\/11846"}],"wp:featuredmedia":[{"embeddable":true,"href":"https:\/\/dtc.hub.edu.vn\/en\/wp-json\/wp\/v2\/media\/8026"}],"wp:attachment":[{"href":"https:\/\/dtc.hub.edu.vn\/en\/wp-json\/wp\/v2\/media?parent=11383"}],"curies":[{"name":"wp","href":"https:\/\/api.w.org\/{rel}","templated":true}]}}